{"id":283,"date":"2023-03-10T16:44:07","date_gmt":"2023-03-10T14:44:07","guid":{"rendered":"https:\/\/www.osiv.lv\/?page_id=283"},"modified":"2024-10-28T15:12:29","modified_gmt":"2024-10-28T13:12:29","slug":"apaugumu-tirisana","status":"publish","type":"page","link":"https:\/\/www.osiv.lv\/lv\/pakalpojumi\/apaugumu-tirisana\/","title":{"rendered":"Apaugumu t\u012br\u012b\u0161ana"},"content":{"rendered":"","protected":false},"excerpt":{"rendered":"","protected":false},"author":1,"featured_media":0,"parent":189,"menu_order":0,"comment_status":"closed","ping_status":"closed","template":"","meta":{"footnotes":""},"class_list":["post-283","page","type-page","status-publish","hentry"],"yoast_head":"<!-- This site is optimized with the Yoast SEO plugin v23.2 - https:\/\/yoast.com\/wordpress\/plugins\/seo\/ -->\n<title>Apaugumu t\u012br\u012b\u0161ana - Vidzeme - O\u0161i V<\/title>\n<meta name=\"description\" content=\"Apaugumu t\u012br\u012b\u0161ana no kokiem un kr\u016bm\u0101jiem Vidzem\u0113 - aizaugu\u0161as p\u013cavas, gr\u0101vji, lauksaimniec\u012bbas zemes, melior\u0101cijas gr\u0101vji, me\u017emalas\" \/>\n<meta name=\"robots\" content=\"index, follow, max-snippet:-1, max-image-preview:large, max-video-preview:-1\" \/>\n<link rel=\"canonical\" href=\"https:\/\/www.osiv.lv\/lv\/pakalpojumi\/apaugumu-tirisana\/\" \/>\n<meta property=\"og:locale\" content=\"lv_LV\" \/>\n<meta property=\"og:type\" content=\"article\" \/>\n<meta property=\"og:title\" content=\"Apaugumu t\u012br\u012b\u0161ana - Vidzeme - O\u0161i V\" \/>\n<meta property=\"og:description\" content=\"Apaugumu t\u012br\u012b\u0161ana no kokiem un kr\u016bm\u0101jiem Vidzem\u0113 - aizaugu\u0161as p\u013cavas, gr\u0101vji, lauksaimniec\u012bbas zemes, melior\u0101cijas gr\u0101vji, me\u017emalas\" \/>\n<meta property=\"og:url\" content=\"https:\/\/www.osiv.lv\/lv\/pakalpojumi\/apaugumu-tirisana\/\" \/>\n<meta property=\"og:site_name\" content=\"O\u0161i V\" \/>\n<meta property=\"article:publisher\" content=\"https:\/\/www.facebook.com\/people\/SIA-OI-V\/100054478314565\/\" \/>\n<meta property=\"article:modified_time\" content=\"2024-10-28T13:12:29+00:00\" \/>\n<meta name=\"twitter:card\" content=\"summary_large_image\" \/>\n<script type=\"application\/ld+json\" class=\"yoast-schema-graph\">{\"@context\":\"https:\/\/schema.org\",\"@graph\":[{\"@type\":\"WebPage\",\"@id\":\"https:\/\/www.osiv.lv\/lv\/pakalpojumi\/apaugumu-tirisana\/\",\"url\":\"https:\/\/www.osiv.lv\/lv\/pakalpojumi\/apaugumu-tirisana\/\",\"name\":\"Apaugumu t\u012br\u012b\u0161ana - Vidzeme - O\u0161i V\",\"isPartOf\":{\"@id\":\"https:\/\/www.osiv.lv\/#website\"},\"datePublished\":\"2023-03-10T14:44:07+00:00\",\"dateModified\":\"2024-10-28T13:12:29+00:00\",\"description\":\"Apaugumu t\u012br\u012b\u0161ana no kokiem un kr\u016bm\u0101jiem Vidzem\u0113 - aizaugu\u0161as p\u013cavas, gr\u0101vji, lauksaimniec\u012bbas zemes, melior\u0101cijas gr\u0101vji, me\u017emalas\",\"breadcrumb\":{\"@id\":\"https:\/\/www.osiv.lv\/lv\/pakalpojumi\/apaugumu-tirisana\/#breadcrumb\"},\"inLanguage\":\"lv-LV\",\"potentialAction\":[{\"@type\":\"ReadAction\",\"target\":[\"https:\/\/www.osiv.lv\/lv\/pakalpojumi\/apaugumu-tirisana\/\"]}]},{\"@type\":\"BreadcrumbList\",\"@id\":\"https:\/\/www.osiv.lv\/lv\/pakalpojumi\/apaugumu-tirisana\/#breadcrumb\",\"itemListElement\":[{\"@type\":\"ListItem\",\"position\":1,\"name\":\"Home\",\"item\":\"https:\/\/www.osiv.lv\/lv\/\"},{\"@type\":\"ListItem\",\"position\":2,\"name\":\"Pakalpojumi\",\"item\":\"https:\/\/www.osiv.lv\/lv\/pakalpojumi\/\"},{\"@type\":\"ListItem\",\"position\":3,\"name\":\"Apaugumu t\u012br\u012b\u0161ana\"}]},{\"@type\":\"WebSite\",\"@id\":\"https:\/\/www.osiv.lv\/#website\",\"url\":\"https:\/\/www.osiv.lv\/\",\"name\":\"O\u0161i V\",\"description\":\"Kokapstr\u0101de Vidzem\u0113\",\"publisher\":{\"@id\":\"https:\/\/www.osiv.lv\/#organization\"},\"potentialAction\":[{\"@type\":\"SearchAction\",\"target\":{\"@type\":\"EntryPoint\",\"urlTemplate\":\"https:\/\/www.osiv.lv\/?s={search_term_string}\"},\"query-input\":\"required name=search_term_string\"}],\"inLanguage\":\"lv-LV\"},{\"@type\":\"Organization\",\"@id\":\"https:\/\/www.osiv.lv\/#organization\",\"name\":\"O\u0161i V\",\"url\":\"https:\/\/www.osiv.lv\/\",\"logo\":{\"@type\":\"ImageObject\",\"inLanguage\":\"lv-LV\",\"@id\":\"https:\/\/www.osiv.lv\/#\/schema\/logo\/image\/\",\"url\":\"https:\/\/www.osiv.lv\/wp-content\/uploads\/2023\/03\/Logo_Osi_V_FINAL_melns-01.png\",\"contentUrl\":\"https:\/\/www.osiv.lv\/wp-content\/uploads\/2023\/03\/Logo_Osi_V_FINAL_melns-01.png\",\"width\":1182,\"height\":1182,\"caption\":\"O\u0161i V\"},\"image\":{\"@id\":\"https:\/\/www.osiv.lv\/#\/schema\/logo\/image\/\"},\"sameAs\":[\"https:\/\/www.facebook.com\/people\/SIA-OI-V\/100054478314565\/\",\"https:\/\/www.instagram.com\/osi_v_latvia\/\"]}]}<\/script>\n<!-- \/ Yoast SEO plugin. -->","yoast_head_json":{"title":"Apaugumu t\u012br\u012b\u0161ana - Vidzeme - O\u0161i V","description":"Apaugumu t\u012br\u012b\u0161ana no kokiem un kr\u016bm\u0101jiem Vidzem\u0113 - aizaugu\u0161as p\u013cavas, gr\u0101vji, lauksaimniec\u012bbas zemes, melior\u0101cijas gr\u0101vji, me\u017emalas","robots":{"index":"index","follow":"follow","max-snippet":"max-snippet:-1","max-image-preview":"max-image-preview:large","max-video-preview":"max-video-preview:-1"},"canonical":"https:\/\/www.osiv.lv\/lv\/pakalpojumi\/apaugumu-tirisana\/","og_locale":"lv_LV","og_type":"article","og_title":"Apaugumu t\u012br\u012b\u0161ana - Vidzeme - O\u0161i V","og_description":"Apaugumu t\u012br\u012b\u0161ana no kokiem un kr\u016bm\u0101jiem Vidzem\u0113 - aizaugu\u0161as p\u013cavas, gr\u0101vji, lauksaimniec\u012bbas zemes, melior\u0101cijas gr\u0101vji, me\u017emalas","og_url":"https:\/\/www.osiv.lv\/lv\/pakalpojumi\/apaugumu-tirisana\/","og_site_name":"O\u0161i V","article_publisher":"https:\/\/www.facebook.com\/people\/SIA-OI-V\/100054478314565\/","article_modified_time":"2024-10-28T13:12:29+00:00","twitter_card":"summary_large_image","schema":{"@context":"https:\/\/schema.org","@graph":[{"@type":"WebPage","@id":"https:\/\/www.osiv.lv\/lv\/pakalpojumi\/apaugumu-tirisana\/","url":"https:\/\/www.osiv.lv\/lv\/pakalpojumi\/apaugumu-tirisana\/","name":"Apaugumu t\u012br\u012b\u0161ana - Vidzeme - O\u0161i V","isPartOf":{"@id":"https:\/\/www.osiv.lv\/#website"},"datePublished":"2023-03-10T14:44:07+00:00","dateModified":"2024-10-28T13:12:29+00:00","description":"Apaugumu t\u012br\u012b\u0161ana no kokiem un kr\u016bm\u0101jiem Vidzem\u0113 - aizaugu\u0161as p\u013cavas, gr\u0101vji, lauksaimniec\u012bbas zemes, melior\u0101cijas gr\u0101vji, me\u017emalas","breadcrumb":{"@id":"https:\/\/www.osiv.lv\/lv\/pakalpojumi\/apaugumu-tirisana\/#breadcrumb"},"inLanguage":"lv-LV","potentialAction":[{"@type":"ReadAction","target":["https:\/\/www.osiv.lv\/lv\/pakalpojumi\/apaugumu-tirisana\/"]}]},{"@type":"BreadcrumbList","@id":"https:\/\/www.osiv.lv\/lv\/pakalpojumi\/apaugumu-tirisana\/#breadcrumb","itemListElement":[{"@type":"ListItem","position":1,"name":"Home","item":"https:\/\/www.osiv.lv\/lv\/"},{"@type":"ListItem","position":2,"name":"Pakalpojumi","item":"https:\/\/www.osiv.lv\/lv\/pakalpojumi\/"},{"@type":"ListItem","position":3,"name":"Apaugumu t\u012br\u012b\u0161ana"}]},{"@type":"WebSite","@id":"https:\/\/www.osiv.lv\/#website","url":"https:\/\/www.osiv.lv\/","name":"O\u0161i V","description":"Kokapstr\u0101de Vidzem\u0113","publisher":{"@id":"https:\/\/www.osiv.lv\/#organization"},"potentialAction":[{"@type":"SearchAction","target":{"@type":"EntryPoint","urlTemplate":"https:\/\/www.osiv.lv\/?s={search_term_string}"},"query-input":"required name=search_term_string"}],"inLanguage":"lv-LV"},{"@type":"Organization","@id":"https:\/\/www.osiv.lv\/#organization","name":"O\u0161i V","url":"https:\/\/www.osiv.lv\/","logo":{"@type":"ImageObject","inLanguage":"lv-LV","@id":"https:\/\/www.osiv.lv\/#\/schema\/logo\/image\/","url":"https:\/\/www.osiv.lv\/wp-content\/uploads\/2023\/03\/Logo_Osi_V_FINAL_melns-01.png","contentUrl":"https:\/\/www.osiv.lv\/wp-content\/uploads\/2023\/03\/Logo_Osi_V_FINAL_melns-01.png","width":1182,"height":1182,"caption":"O\u0161i V"},"image":{"@id":"https:\/\/www.osiv.lv\/#\/schema\/logo\/image\/"},"sameAs":["https:\/\/www.facebook.com\/people\/SIA-OI-V\/100054478314565\/","https:\/\/www.instagram.com\/osi_v_latvia\/"]}]}},"_links":{"self":[{"href":"https:\/\/www.osiv.lv\/lv\/wp-json\/wp\/v2\/pages\/283","targetHints":{"allow":["GET"]}}],"collection":[{"href":"https:\/\/www.osiv.lv\/lv\/wp-json\/wp\/v2\/pages"}],"about":[{"href":"https:\/\/www.osiv.lv\/lv\/wp-json\/wp\/v2\/types\/page"}],"author":[{"embeddable":true,"href":"https:\/\/www.osiv.lv\/lv\/wp-json\/wp\/v2\/users\/1"}],"replies":[{"embeddable":true,"href":"https:\/\/www.osiv.lv\/lv\/wp-json\/wp\/v2\/comments?post=283"}],"version-history":[{"count":5,"href":"https:\/\/www.osiv.lv\/lv\/wp-json\/wp\/v2\/pages\/283\/revisions"}],"predecessor-version":[{"id":1088,"href":"https:\/\/www.osiv.lv\/lv\/wp-json\/wp\/v2\/pages\/283\/revisions\/1088"}],"up":[{"embeddable":true,"href":"https:\/\/www.osiv.lv\/lv\/wp-json\/wp\/v2\/pages\/189"}],"wp:attachment":[{"href":"https:\/\/www.osiv.lv\/lv\/wp-json\/wp\/v2\/media?parent=283"}],"curies":[{"name":"wp","href":"https:\/\/api.w.org\/{rel}","templated":true}]}}